{"id":2,"date":"2023-04-24T10:51:40","date_gmt":"2023-04-24T08:51:40","guid":{"rendered":"http:\/\/adventinisconseil.fr\/?page_id=2"},"modified":"2025-09-24T14:30:44","modified_gmt":"2025-09-24T12:30:44","slug":"page-d-exemple","status":"publish","type":"page","link":"https:\/\/adventinisconseil.fr\/","title":{"rendered":"&#8220;\u00c9crivons ensemble votre avenir et faisons de votre histoire une r\u00e9ussite&#8221;"},"content":{"rendered":"\n<blockquote class=\"wp-block-quote is-layout-flow wp-block-quote-is-layout-flow\">\n<p><strong>ADVENTINIS CONSEIL<\/strong> acteur ind\u00e9pendant de la gestion de patrimoine, vous conseille et vous accompagne pour r\u00e9pondre \u00e0 l&#8217;ensemble de vos probl\u00e9matiques patrimoniales.<\/p>\n<\/blockquote>\n\n\n\n<p><\/p>\n\n\n\n<p style=\"font-size:18px\">Passionn\u00e9e par le conseil, j&#8217;ai cr\u00e9\u00e9 le cabinet ADVENTINIS CONSEIL afin de fournir \u00e0 mes clients une approche personnalis\u00e9e et impartiale dans la gestion de leur patrimoine.<\/p>\n\n\n\n<p style=\"font-size:18px\">Je suis Anne ROUSSEL, dipl\u00f4m\u00e9e d&#8217;un Master 2 en Management G\u00e9n\u00e9ral de l&#8217;IAE d&#8217;Aix en Provence, d&#8217;un Master 2 en Gestion de Patrimoine de l&#8217;universit\u00e9 d&#8217;Aix-Marseille et d&#8217;un DESU Gestion d&#8217;Actifs et de Fortune de l&#8217;universit\u00e9 d&#8217;Aix en provence.<\/p>\n\n\n\n<p><\/p>\n\n\n\n<div class=\"wp-block-media-text alignwide is-stacked-on-mobile\"><figure class=\"wp-block-media-text__media\"><img loading=\"lazy\" decoding=\"async\" width=\"1024\" height=\"1024\" src=\"http:\/\/adventinisconseil.fr\/wp-content\/uploads\/2025\/09\/Photoroom_20250915_164403.JPG-1024x1024.jpeg\" alt=\"\" class=\"wp-image-79 size-full\" srcset=\"https:\/\/adventinisconseil.fr\/wp-content\/uploads\/2025\/09\/Photoroom_20250915_164403.JPG-1024x1024.jpeg 1024w, https:\/\/adventinisconseil.fr\/wp-content\/uploads\/2025\/09\/Photoroom_20250915_164403.JPG-300x300.jpeg 300w, https:\/\/adventinisconseil.fr\/wp-content\/uploads\/2025\/09\/Photoroom_20250915_164403.JPG-150x150.jpeg 150w, https:\/\/adventinisconseil.fr\/wp-content\/uploads\/2025\/09\/Photoroom_20250915_164403.JPG-768x768.jpeg 768w, https:\/\/adventinisconseil.fr\/wp-content\/uploads\/2025\/09\/Photoroom_20250915_164403.JPG-1536x1536.jpeg 1536w, https:\/\/adventinisconseil.fr\/wp-content\/uploads\/2025\/09\/Photoroom_20250915_164403.JPG.jpeg 1978w\" sizes=\"auto, (max-width: 1024px) 100vw, 1024px\" \/><\/figure><div class=\"wp-block-media-text__content\">\n<p style=\"font-size:18px\">Le sur mesure est ma marque de fabrique.&nbsp;<\/p>\n\n\n\n<p style=\"font-size:18px\">Mon r\u00f4le est de vous aider \u00e0 vous fixer des objectifs patrimoniaux et vous accompagner \u00e0 les atteindre. <\/p>\n\n\n\n<p style=\"font-size:18px\">Pour cela j&#8217;\u00e9tablie des strat\u00e9gies personnalis\u00e9es qui r\u00e9pondent pr\u00e9cis\u00e9ment \u00e0 vos besoins sp\u00e9cifiques, en m&#8217;appuyant sur mes comp\u00e9tences financi\u00e8res et juridiques.<\/p>\n<\/div><\/div>\n\n\n\n<div class=\"wp-block-media-text alignwide has-media-on-the-right is-stacked-on-mobile\"><div class=\"wp-block-media-text__content\">\n<p style=\"font-size:18px\">Mes conseils et pr\u00e9conisations sont \u00e9labor\u00e9s objectivement et en toute ind\u00e9pendance.&nbsp;<\/p>\n\n\n\n<p style=\"font-size:18px\">Une s\u00e9lection minutieuse des meilleures solutions est faite par mes soins.&nbsp;<\/p>\n<\/div><figure class=\"wp-block-media-text__media\"><img loading=\"lazy\" decoding=\"async\" width=\"1024\" height=\"768\" src=\"http:\/\/adventinisconseil.fr\/wp-content\/uploads\/2025\/09\/IMG_5636-processedlightpdf.com_-1-1024x768.jpg\" alt=\"\" class=\"wp-image-107 size-full\" srcset=\"https:\/\/adventinisconseil.fr\/wp-content\/uploads\/2025\/09\/IMG_5636-processedlightpdf.com_-1-1024x768.jpg 1024w, https:\/\/adventinisconseil.fr\/wp-content\/uploads\/2025\/09\/IMG_5636-processedlightpdf.com_-1-300x225.jpg 300w, https:\/\/adventinisconseil.fr\/wp-content\/uploads\/2025\/09\/IMG_5636-processedlightpdf.com_-1-768x576.jpg 768w, https:\/\/adventinisconseil.fr\/wp-content\/uploads\/2025\/09\/IMG_5636-processedlightpdf.com_-1-1536x1152.jpg 1536w, https:\/\/adventinisconseil.fr\/wp-content\/uploads\/2025\/09\/IMG_5636-processedlightpdf.com_-1-2048x1536.jpg 2048w\" sizes=\"auto, (max-width: 1024px) 100vw, 1024px\" \/><\/figure><\/div>\n\n\n\n<p><\/p>\n\n\n\n<p><\/p>\n\n\n\n<figure class=\"wp-block-embed is-type-video is-provider-youtube wp-block-embed-youtube wp-embed-aspect-16-9 wp-has-aspect-ratio\"><div class=\"wp-block-embed__wrapper\">\n<iframe loading=\"lazy\" title=\"Qu&#039;est-ce qu&#039;un conseil en gestion de patrimoine ?\" width=\"1050\" height=\"591\" src=\"https:\/\/www.youtube.com\/embed\/2p9VpVzBgOs?feature=oembed\" frameborder=\"0\" allow=\"accelerometer; autoplay; clipboard-write; encrypted-media; gyroscope; picture-in-picture; web-share\" referrerpolicy=\"strict-origin-when-cross-origin\" allowfullscreen><\/iframe>\n<\/div><\/figure>\n","protected":false},"excerpt":{"rendered":"<p>ADVENTINIS CONSEIL acteur ind\u00e9pendant de la gestion de patrimoine, vous conseille et vous accompagne pour r\u00e9pondre \u00e0 l&#8217;ensemble de vos probl\u00e9matiques patrimoniales. Passionn\u00e9e par le conseil, j&#8217;ai cr\u00e9\u00e9 le cabinet ADVENTINIS CONSEIL afin de fournir \u00e0 mes clients une approche personnalis\u00e9e et impartiale dans la gestion de leur patrimoine. Je suis Anne ROUSSEL, dipl\u00f4m\u00e9e d&#8217;un [&hellip;]<\/p>\n","protected":false},"author":1,"featured_media":0,"parent":0,"menu_order":0,"comment_status":"closed","ping_status":"open","template":"","meta":{"om_disable_all_campaigns":false,"footnotes":""},"class_list":["post-2","page","type-page","status-publish","hentry"],"_links":{"self":[{"href":"https:\/\/adventinisconseil.fr\/index.php?rest_route=\/wp\/v2\/pages\/2","targetHints":{"allow":["GET"]}}],"collection":[{"href":"https:\/\/adventinisconseil.fr\/index.php?rest_route=\/wp\/v2\/pages"}],"about":[{"href":"https:\/\/adventinisconseil.fr\/index.php?rest_route=\/wp\/v2\/types\/page"}],"author":[{"embeddable":true,"href":"https:\/\/adventinisconseil.fr\/index.php?rest_route=\/wp\/v2\/users\/1"}],"replies":[{"embeddable":true,"href":"https:\/\/adventinisconseil.fr\/index.php?rest_route=%2Fwp%2Fv2%2Fcomments&post=2"}],"version-history":[{"count":4,"href":"https:\/\/adventinisconseil.fr\/index.php?rest_route=\/wp\/v2\/pages\/2\/revisions"}],"predecessor-version":[{"id":108,"href":"https:\/\/adventinisconseil.fr\/index.php?rest_route=\/wp\/v2\/pages\/2\/revisions\/108"}],"wp:attachment":[{"href":"https:\/\/adventinisconseil.fr\/index.php?rest_route=%2Fwp%2Fv2%2Fmedia&parent=2"}],"curies":[{"name":"wp","href":"https:\/\/api.w.org\/{rel}","templated":true}]}}