{"id":36,"date":"2023-04-24T11:56:37","date_gmt":"2023-04-24T09:56:37","guid":{"rendered":"http:\/\/adventinisconseil.fr\/?page_id=36"},"modified":"2025-09-24T14:40:20","modified_gmt":"2025-09-24T12:40:20","slug":"nos-honoraires","status":"publish","type":"page","link":"https:\/\/adventinisconseil.fr\/?page_id=36","title":{"rendered":"Mes honoraires"},"content":{"rendered":"\n<figure class=\"wp-block-table\"><table><tbody><tr><td class=\"has-text-align-center\" data-align=\"center\"><strong>ASSISTANCE A LA DECLARATION DE REVENUS STANDARD<\/strong><br>Aide \u00e0 la d\u00e9claration de revenu standard 2042<\/td><td class=\"has-text-align-center\" data-align=\"center\">120 \u20ac<\/td><\/tr><tr><td class=\"has-text-align-center\" data-align=\"center\"><strong>ASSISTANCE A LA DECLARATION DE REVENUS&nbsp;<\/strong><br>Aide \u00e0 la d\u00e9claration de revenu avec revenus fonciers&nbsp;<br>2042, 2072, 2044, 2042C<\/td><td class=\"has-text-align-center\" data-align=\"center\">200 \u20ac<\/td><\/tr><tr><td class=\"has-text-align-center\" data-align=\"center\"><strong>AUDIT ET BILAN PATRIMONIAL<\/strong><br>Rendez vous d\u00e9couverte,&nbsp;<br>Audit de la situation actuelle<br>Etude du budget\/tr\u00e9sorerie<br>D\u00e9finition de vos objectifs<br>Mise en \u00e9vidence des points de vigilance<br>Proposition de solutions d&#8217;optimisation et de strat\u00e9gie<\/td><td class=\"has-text-align-center\" data-align=\"center\">Sur devis<br>\u00e0 partir de 550 \u20ac<\/td><\/tr><tr><td class=\"has-text-align-center\" data-align=\"center\"><strong>ACCOMPAGNEMENT DEDIE SUR LES INVESTISSEMENTS FINANCIERS<\/strong><br>Audit de l&#8217;existant<br>Proposition d&#8217;une strat\u00e9gie d&#8217;optimisation<br>Ren\u00e9gociation des contrats existants<br>Souscription de nouveaux contrats<br>Suivi des contrats<\/td><td class=\"has-text-align-center\" data-align=\"center\">\u00e0 partir de 350 \u20ac<\/td><\/tr><tr><td class=\"has-text-align-center\" data-align=\"center\"><strong>ACCOMPAGNEMENT DEDIE POUR DES PROJETS IMMOBILIERS<\/strong><br>Audit de l&#8217;existant<br>Proposition d&#8217;une strat\u00e9gie d&#8217;optimisation<br>Optimisation de la fiscalit\u00e9<br>Etude et proposition du mode de d\u00e9tention<br>Etude du march\u00e9 immobilier<br>Aide \u00e0 la cr\u00e9ation de soci\u00e9t\u00e9s civiles<br>Elaboration du business plan \/ tableau tr\u00e9sorerie<\/td><td class=\"has-text-align-center\" data-align=\"center\">\u00e0 partir de 480 \u20ac<\/td><\/tr><tr><td class=\"has-text-align-center\" data-align=\"center\"><strong>CLAUSE BENEFICIAIRE<\/strong><br>Etude et assistance \u00e0 la r\u00e9daction de clause b\u00e9n\u00e9ficiaire&nbsp;<\/td><td class=\"has-text-align-center\" data-align=\"center\">100 \u20ac<\/td><\/tr><\/tbody><\/table><\/figure>\n\n\n\n<p class=\"has-small-font-size\">Les honoraires ci-dessus sont exprim\u00e9s en HT<\/p>\n\n\n\n<p><\/p>\n","protected":false},"excerpt":{"rendered":"<p>ASSISTANCE A LA DECLARATION DE REVENUS STANDARDAide \u00e0 la d\u00e9claration de revenu standard 2042 120 \u20ac ASSISTANCE A LA DECLARATION DE REVENUS&nbsp;Aide \u00e0 la d\u00e9claration de revenu avec revenus fonciers&nbsp;2042, 2072, 2044, 2042C 200 \u20ac AUDIT ET BILAN PATRIMONIALRendez vous d\u00e9couverte,&nbsp;Audit de la situation actuelleEtude du budget\/tr\u00e9sorerieD\u00e9finition de vos objectifsMise en \u00e9vidence des points de [&hellip;]<\/p>\n","protected":false},"author":1,"featured_media":0,"parent":0,"menu_order":0,"comment_status":"closed","ping_status":"closed","template":"","meta":{"om_disable_all_campaigns":false,"footnotes":""},"class_list":["post-36","page","type-page","status-publish","hentry"],"_links":{"self":[{"href":"https:\/\/adventinisconseil.fr\/index.php?rest_route=\/wp\/v2\/pages\/36","targetHints":{"allow":["GET"]}}],"collection":[{"href":"https:\/\/adventinisconseil.fr\/index.php?rest_route=\/wp\/v2\/pages"}],"about":[{"href":"https:\/\/adventinisconseil.fr\/index.php?rest_route=\/wp\/v2\/types\/page"}],"author":[{"embeddable":true,"href":"https:\/\/adventinisconseil.fr\/index.php?rest_route=\/wp\/v2\/users\/1"}],"replies":[{"embeddable":true,"href":"https:\/\/adventinisconseil.fr\/index.php?rest_route=%2Fwp%2Fv2%2Fcomments&post=36"}],"version-history":[{"count":4,"href":"https:\/\/adventinisconseil.fr\/index.php?rest_route=\/wp\/v2\/pages\/36\/revisions"}],"predecessor-version":[{"id":117,"href":"https:\/\/adventinisconseil.fr\/index.php?rest_route=\/wp\/v2\/pages\/36\/revisions\/117"}],"wp:attachment":[{"href":"https:\/\/adventinisconseil.fr\/index.php?rest_route=%2Fwp%2Fv2%2Fmedia&parent=36"}],"curies":[{"name":"wp","href":"https:\/\/api.w.org\/{rel}","templated":true}]}}