{"id":38,"date":"2023-04-24T12:09:58","date_gmt":"2023-04-24T10:09:58","guid":{"rendered":"http:\/\/adventinisconseil.fr\/?page_id=38"},"modified":"2025-09-24T14:34:40","modified_gmt":"2025-09-24T12:34:40","slug":"vos-projets","status":"publish","type":"page","link":"https:\/\/adventinisconseil.fr\/?page_id=38","title":{"rendered":"Vos projets"},"content":{"rendered":"\n<p><\/p>\n\n\n\n<p class=\"has-text-align-center\" style=\"font-size:30px\">Particulier ou Professionnel vos projets sont diff\u00e9rents, mais je suis l\u00e0 pour vous accompagner.<\/p>\n\n\n\n<div class=\"wp-block-media-text alignwide is-stacked-on-mobile\"><figure class=\"wp-block-media-text__media\"><img loading=\"lazy\" decoding=\"async\" width=\"908\" height=\"500\" src=\"http:\/\/adventinisconseil.fr\/wp-content\/uploads\/2025\/09\/film-loterie-gagnant-loto.jpeg\" alt=\"\" class=\"wp-image-109 size-full\" srcset=\"https:\/\/adventinisconseil.fr\/wp-content\/uploads\/2025\/09\/film-loterie-gagnant-loto.jpeg 908w, https:\/\/adventinisconseil.fr\/wp-content\/uploads\/2025\/09\/film-loterie-gagnant-loto-300x165.jpeg 300w, https:\/\/adventinisconseil.fr\/wp-content\/uploads\/2025\/09\/film-loterie-gagnant-loto-768x423.jpeg 768w\" sizes=\"auto, (max-width: 908px) 100vw, 908px\" \/><\/figure><div class=\"wp-block-media-text__content\">\n<p class=\"has-text-align-center\" style=\"font-size:35px\"><strong>VOUS ETES UN PARTICULIER<\/strong><\/p>\n\n\n\n<p>Vos objectifs patrimoniaux vont \u00e9voluer \u00e0 chaque moment cl\u00e9 de votre vie: <\/p>\n\n\n\n<ul class=\"wp-block-list\">\n<li>Bien choisir son r\u00e9gime matrimonial<\/li>\n\n\n\n<li>Investir dans l&#8217;immobilier<\/li>\n\n\n\n<li>Se prot\u00e9ger et prot\u00e9ger sa famille<\/li>\n\n\n\n<li>Optimiser sa fiscalit\u00e9<\/li>\n\n\n\n<li>R\u00e9aliser des investissements financiers<\/li>\n\n\n\n<li>Pr\u00e9parer sa retraite<\/li>\n\n\n\n<li>Optimiser et anticiper sa transmission<\/li>\n<\/ul>\n<\/div><\/div>\n\n\n\n<p><\/p>\n\n\n\n<p><\/p>\n\n\n\n<p><\/p>\n\n\n\n<div class=\"wp-block-media-text alignwide has-media-on-the-right is-stacked-on-mobile\"><div class=\"wp-block-media-text__content\">\n<p class=\"has-text-align-center\" style=\"font-size:35px\"><strong>VOUS ETES UN PROFESSIONNEL<\/strong><\/p>\n\n\n\n<p>Vos projets concernent essentiellement votre activit\u00e9, mais \u00e9galement vos collaborateurs:<\/p>\n\n\n\n<ul class=\"wp-block-list\">\n<li>Optimiser la fiscalit\u00e9 de la soci\u00e9t\u00e9<\/li>\n\n\n\n<li>Cr\u00e9ation de la holding<\/li>\n\n\n\n<li>Mise en place de l&#8217;\u00e9pargne salariale<\/li>\n\n\n\n<li>Optimiser sa retraite<\/li>\n\n\n\n<li>Pr\u00e9voyance individuelle du chef d&#8217;entreprise<\/li>\n\n\n\n<li>Transmettre son entreprise<\/li>\n\n\n\n<li>Pr\u00e9parer sa retraite<\/li>\n<\/ul>\n<\/div><figure class=\"wp-block-media-text__media\"><img loading=\"lazy\" decoding=\"async\" width=\"1024\" height=\"1024\" src=\"http:\/\/adventinisconseil.fr\/wp-content\/uploads\/2025\/09\/IMG_5686-1024x1024.png\" alt=\"\" class=\"wp-image-111 size-full\" srcset=\"https:\/\/adventinisconseil.fr\/wp-content\/uploads\/2025\/09\/IMG_5686-1024x1024.png 1024w, https:\/\/adventinisconseil.fr\/wp-content\/uploads\/2025\/09\/IMG_5686-300x300.png 300w, https:\/\/adventinisconseil.fr\/wp-content\/uploads\/2025\/09\/IMG_5686-150x150.png 150w, https:\/\/adventinisconseil.fr\/wp-content\/uploads\/2025\/09\/IMG_5686-768x768.png 768w, https:\/\/adventinisconseil.fr\/wp-content\/uploads\/2025\/09\/IMG_5686-1536x1536.png 1536w, https:\/\/adventinisconseil.fr\/wp-content\/uploads\/2025\/09\/IMG_5686-2048x2048.png 2048w\" sizes=\"auto, (max-width: 1024px) 100vw, 1024px\" \/><\/figure><\/div>\n","protected":false},"excerpt":{"rendered":"<p>Particulier ou Professionnel vos projets sont diff\u00e9rents, mais je suis l\u00e0 pour vous accompagner.<\/p>\n","protected":false},"author":1,"featured_media":0,"parent":0,"menu_order":0,"comment_status":"closed","ping_status":"closed","template":"","meta":{"om_disable_all_campaigns":false,"footnotes":""},"class_list":["post-38","page","type-page","status-publish","hentry"],"_links":{"self":[{"href":"https:\/\/adventinisconseil.fr\/index.php?rest_route=\/wp\/v2\/pages\/38","targetHints":{"allow":["GET"]}}],"collection":[{"href":"https:\/\/adventinisconseil.fr\/index.php?rest_route=\/wp\/v2\/pages"}],"about":[{"href":"https:\/\/adventinisconseil.fr\/index.php?rest_route=\/wp\/v2\/types\/page"}],"author":[{"embeddable":true,"href":"https:\/\/adventinisconseil.fr\/index.php?rest_route=\/wp\/v2\/users\/1"}],"replies":[{"embeddable":true,"href":"https:\/\/adventinisconseil.fr\/index.php?rest_route=%2Fwp%2Fv2%2Fcomments&post=38"}],"version-history":[{"count":9,"href":"https:\/\/adventinisconseil.fr\/index.php?rest_route=\/wp\/v2\/pages\/38\/revisions"}],"predecessor-version":[{"id":112,"href":"https:\/\/adventinisconseil.fr\/index.php?rest_route=\/wp\/v2\/pages\/38\/revisions\/112"}],"wp:attachment":[{"href":"https:\/\/adventinisconseil.fr\/index.php?rest_route=%2Fwp%2Fv2%2Fmedia&parent=38"}],"curies":[{"name":"wp","href":"https:\/\/api.w.org\/{rel}","templated":true}]}}